{"id":2178,"date":"2021-06-10T16:41:11","date_gmt":"2021-06-10T21:41:11","guid":{"rendered":"https:\/\/orga.cephcis.unam.mx\/?page_id=2178"},"modified":"2024-01-07T21:26:12","modified_gmt":"2024-01-08T03:26:12","slug":"proyectos-vinculados","status":"publish","type":"page","link":"https:\/\/orga.cephcis.unam.mx\/?page_id=2178","title":{"rendered":"Servicios"},"content":{"rendered":"\t\t<div data-elementor-type=\"wp-page\" data-elementor-id=\"2178\" class=\"elementor elementor-2178\" data-elementor-settings=\"[]\">\n\t\t\t\t\t\t<div class=\"elementor-inner\">\n\t\t\t\t\t\t\t<div class=\"elementor-section-wrap\">\n\t\t\t\t\t\t\t<section class=\"elementor-section elementor-top-section elementor-element elementor-element-2d1689c elementor-section-boxed elementor-section-height-default elementor-section-height-default\" data-id=\"2d1689c\" data-element_type=\"section\">\n\t\t\t\t\t\t<div class=\"elementor-container elementor-column-gap-default\">\n\t\t\t\t\t\t\t<div class=\"elementor-row\">\n\t\t\t\t\t<div class=\"elementor-column elementor-col-100 elementor-top-column elementor-element elementor-element-3eaee02\" data-id=\"3eaee02\" data-element_type=\"column\">\n\t\t\t<div class=\"elementor-column-wrap elementor-element-populated\">\n\t\t\t\t\t\t\t<div class=\"elementor-widget-wrap\">\n\t\t\t\t\t\t<div class=\"elementor-element elementor-element-0cd224c elementor-widget elementor-widget-spacer\" data-id=\"0cd224c\" data-element_type=\"widget\" data-widget_type=\"spacer.default\">\n\t\t\t\t<div class=\"elementor-widget-container\">\n\t\t\t\t\t<div class=\"elementor-spacer\">\n\t\t\t<div class=\"elementor-spacer-inner\"><\/div>\n\t\t<\/div>\n\t\t\t\t<\/div>\n\t\t\t\t<\/div>\n\t\t\t\t<div class=\"elementor-element elementor-element-ba1827b elementor-widget elementor-widget-spacer\" data-id=\"ba1827b\" data-element_type=\"widget\" data-widget_type=\"spacer.default\">\n\t\t\t\t<div class=\"elementor-widget-container\">\n\t\t\t\t\t<div class=\"elementor-spacer\">\n\t\t\t<div class=\"elementor-spacer-inner\"><\/div>\n\t\t<\/div>\n\t\t\t\t<\/div>\n\t\t\t\t<\/div>\n\t\t\t\t<div class=\"elementor-element elementor-element-16e9e38 elementor-widget elementor-widget-menu-anchor\" data-id=\"16e9e38\" data-element_type=\"widget\" data-widget_type=\"menu-anchor.default\">\n\t\t\t\t<div class=\"elementor-widget-container\">\n\t\t\t\t\t<div id=\"Servicios\" class=\"elementor-menu-anchor\"><\/div>\n\t\t\t\t<\/div>\n\t\t\t\t<\/div>\n\t\t\t\t<div class=\"elementor-element elementor-element-8c5e238 elementor-widget elementor-widget-image\" data-id=\"8c5e238\" data-element_type=\"widget\" data-widget_type=\"image.default\">\n\t\t\t\t<div class=\"elementor-widget-container\">\n\t\t\t\t\t<div class=\"elementor-image\">\n\t\t\t\t\t\t\t\t\t\t<img src=\"https:\/\/orga.cephcis.unam.mx\/wp-content\/uploads\/2021\/08\/Portada-de-proyectos-vinculados.png\" title=\"\" alt=\"\" \/>\t\t\t\t\t\t\t\t\t\t\t<\/div>\n\t\t\t\t<\/div>\n\t\t\t\t<\/div>\n\t\t\t\t<div class=\"elementor-element elementor-element-de98419 elementor-widget elementor-widget-heading\" data-id=\"de98419\" data-element_type=\"widget\" data-widget_type=\"heading.default\">\n\t\t\t\t<div class=\"elementor-widget-container\">\n\t\t\t<h3 class=\"elementor-heading-title elementor-size-default\">Consultor\u00eda<\/h3>\t\t<\/div>\n\t\t\t\t<\/div>\n\t\t\t\t<div class=\"elementor-element elementor-element-08be1e9 elementor-widget elementor-widget-text-editor\" data-id=\"08be1e9\" data-element_type=\"widget\" data-widget_type=\"text-editor.default\">\n\t\t\t\t<div class=\"elementor-widget-container\">\n\t\t\t\t\t<div class=\"elementor-text-editor elementor-clearfix\"><p style=\"text-align: justify;\">Ofrecemos un servicio integral de consultor\u00eda en diversos \u00e1mbitos, a cargo de especialistas con amplia experiencia en materia de asesoramiento y orientaci\u00f3n a las\u00a0 administraciones p\u00fablicas, as\u00ed como a organizaciones socio-civiles.<\/span>\n\nEspecialidades:\n<ul>\n \t<li>Evaluaci\u00f3n de gesti\u00f3n gubernamental<\/li>\n \t<li>Dise\u00f1o, desarrollo y evaluaci\u00f3n de pol\u00edticas p\u00fablicas<\/li>\n \t<li>Planeaci\u00f3n estrat\u00e9gica<\/li>\n \t<li>Participaci\u00f3n ciudadana<\/li>\n \t<li>Perspectiva de g\u00e9nero y enfoque intercultural<\/li>\n<\/ul><\/div>\n\t\t\t\t<\/div>\n\t\t\t\t<\/div>\n\t\t\t\t<div class=\"elementor-element elementor-element-abc5901 elementor-widget elementor-widget-spacer\" data-id=\"abc5901\" data-element_type=\"widget\" data-widget_type=\"spacer.default\">\n\t\t\t\t<div class=\"elementor-widget-container\">\n\t\t\t\t\t<div class=\"elementor-spacer\">\n\t\t\t<div class=\"elementor-spacer-inner\"><\/div>\n\t\t<\/div>\n\t\t\t\t<\/div>\n\t\t\t\t<\/div>\n\t\t\t\t<div class=\"elementor-element elementor-element-fbf3545 elementor-widget elementor-widget-heading\" data-id=\"fbf3545\" data-element_type=\"widget\" data-widget_type=\"heading.default\">\n\t\t\t\t<div class=\"elementor-widget-container\">\n\t\t\t<h3 class=\"elementor-heading-title elementor-size-default\">Capacitaci\u00f3n<\/h3>\t\t<\/div>\n\t\t\t\t<\/div>\n\t\t\t\t<div class=\"elementor-element elementor-element-8218f54 elementor-widget elementor-widget-text-editor\" data-id=\"8218f54\" data-element_type=\"widget\" data-widget_type=\"text-editor.default\">\n\t\t\t\t<div class=\"elementor-widget-container\">\n\t\t\t\t\t<div class=\"elementor-text-editor elementor-clearfix\"><p style=\"text-align: justify;\">A trav\u00e9s de los servicios de Educaci\u00f3n Continua de la UNAM en Yucat\u00e1n, ofrecemos talleres, cursos y diplomados con dise\u00f1os curriculares <em>ad hoc<\/em> a las demandas y necesidades de capacitaci\u00f3n y actualizaci\u00f3n del sector p\u00fablico, privado y socio-civil.<\/div>\n\t\t\t\t<\/div>\n\t\t\t\t<\/div>\n\t\t\t\t<div class=\"elementor-element elementor-element-dc56aee elementor-widget elementor-widget-spacer\" data-id=\"dc56aee\" data-element_type=\"widget\" data-widget_type=\"spacer.default\">\n\t\t\t\t<div class=\"elementor-widget-container\">\n\t\t\t\t\t<div class=\"elementor-spacer\">\n\t\t\t<div class=\"elementor-spacer-inner\"><\/div>\n\t\t<\/div>\n\t\t\t\t<\/div>\n\t\t\t\t<\/div>\n\t\t\t\t<div class=\"elementor-element elementor-element-51c553f elementor-widget elementor-widget-heading\" data-id=\"51c553f\" data-element_type=\"widget\" data-widget_type=\"heading.default\">\n\t\t\t\t<div class=\"elementor-widget-container\">\n\t\t\t<h3 class=\"elementor-heading-title elementor-size-default\">Taller Metodolog\u00edas para el An\u00e1lisis de la Gobernanza Local <\/h3>\t\t<\/div>\n\t\t\t\t<\/div>\n\t\t\t\t<div class=\"elementor-element elementor-element-cfad523 elementor-tabs-view-horizontal elementor-widget elementor-widget-tabs\" data-id=\"cfad523\" data-element_type=\"widget\" data-widget_type=\"tabs.default\">\n\t\t\t\t<div class=\"elementor-widget-container\">\n\t\t\t\t\t<div class=\"elementor-tabs\" role=\"tablist\">\n\t\t\t<div class=\"elementor-tabs-wrapper\">\n\t\t\t\t\t\t\t\t\t<div id=\"elementor-tab-title-2171\" class=\"elementor-tab-title elementor-tab-desktop-title\" data-tab=\"1\" role=\"tab\" aria-controls=\"elementor-tab-content-2171\"><a href=\"\">DESCRIPCI\u00d3N<\/a><\/div>\n\t\t\t\t\t\t\t\t\t<div id=\"elementor-tab-title-2172\" class=\"elementor-tab-title elementor-tab-desktop-title\" data-tab=\"2\" role=\"tab\" aria-controls=\"elementor-tab-content-2172\"><a href=\"\">CONOCIMIENTOS Y HABILIDADES A DESARROLLAR<\/a><\/div>\n\t\t\t\t\t\t\t\t\t<div id=\"elementor-tab-title-2173\" class=\"elementor-tab-title elementor-tab-desktop-title\" data-tab=\"3\" role=\"tab\" aria-controls=\"elementor-tab-content-2173\"><a href=\"\">DETALLES ADICIONALES<\/a><\/div>\n\t\t\t\t\t\t\t<\/div>\n\t\t\t<div class=\"elementor-tabs-content-wrapper\">\n\t\t\t\t\t\t\t\t\t<div class=\"elementor-tab-title elementor-tab-mobile-title\" data-tab=\"1\" role=\"tab\">DESCRIPCI\u00d3N<\/div>\n\t\t\t\t\t<div id=\"elementor-tab-content-2171\" class=\"elementor-tab-content elementor-clearfix\" data-tab=\"1\" role=\"tabpanel\" aria-labelledby=\"elementor-tab-title-2171\"><p style=\"text-align: justify;\">Este taller tiene por objetivo entregar un marco conceptual e instrumental para el an\u00e1lisis de los procesos de gobernanza local, enfatizando en los mecanismos de coordinaci\u00f3n social recreados en los \u00e1mbitos comunitario y municipal. En ese sentido, se brindan herramientas anal\u00edticas que permitir\u00e1n a los participantes aproximarse al an\u00e1lisis tanto de los mecanismos de participaci\u00f3n ciudadana a nivel local como de las instituciones que permiten generar espacios de interacci\u00f3n y colaboraci\u00f3n entre gobierno y actores sociales.<\/span><\/div>\n\t\t\t\t\t\t\t\t\t<div class=\"elementor-tab-title elementor-tab-mobile-title\" data-tab=\"2\" role=\"tab\">CONOCIMIENTOS Y HABILIDADES A DESARROLLAR<\/div>\n\t\t\t\t\t<div id=\"elementor-tab-content-2172\" class=\"elementor-tab-content elementor-clearfix\" data-tab=\"2\" role=\"tabpanel\" aria-labelledby=\"elementor-tab-title-2172\"><p><span style=\"font-weight: 400;\">-Se fortalecer\u00e1n conceptos y modelos sobre gobernanza local\u00a0<\/span><\/p><p><span style=\"font-weight: 400;\">-Se entregar\u00e1n herramientas metodol\u00f3gicas para el an\u00e1lisis de la gobernanza local\u00a0<\/span><\/p><p><span style=\"font-weight: 400;\">-Se desarrollar\u00e1 la capacidad de an\u00e1lisis de los procesos de gobernanza local a trav\u00e9s de ejemplos y casos.<\/span><\/p><p>\u00a0<\/p><\/div>\n\t\t\t\t\t\t\t\t\t<div class=\"elementor-tab-title elementor-tab-mobile-title\" data-tab=\"3\" role=\"tab\">DETALLES ADICIONALES<\/div>\n\t\t\t\t\t<div id=\"elementor-tab-content-2173\" class=\"elementor-tab-content elementor-clearfix\" data-tab=\"3\" role=\"tabpanel\" aria-labelledby=\"elementor-tab-title-2173\"><p><span style=\"font-weight: 400;\">Duraci\u00f3n: 16 horas<\/span><\/p><p><span style=\"font-weight: 400;\">Consultar programa completo, fechas y costos en <a href=\"mailto:observatorio.gobernanza@enesmerida.unam.mx\">observatorio.gobernanza@enesmerida.unam.mx<\/a><\/span><\/p><p>\u00a0<\/p><\/div>\n\t\t\t\t\t\t\t<\/div>\n\t\t<\/div>\n\t\t\t\t<\/div>\n\t\t\t\t<\/div>\n\t\t\t\t<div class=\"elementor-element elementor-element-377435c elementor-widget elementor-widget-spacer\" data-id=\"377435c\" data-element_type=\"widget\" data-widget_type=\"spacer.default\">\n\t\t\t\t<div class=\"elementor-widget-container\">\n\t\t\t\t\t<div class=\"elementor-spacer\">\n\t\t\t<div class=\"elementor-spacer-inner\"><\/div>\n\t\t<\/div>\n\t\t\t\t<\/div>\n\t\t\t\t<\/div>\n\t\t\t\t<div class=\"elementor-element elementor-element-c00bacd elementor-widget elementor-widget-heading\" data-id=\"c00bacd\" data-element_type=\"widget\" data-widget_type=\"heading.default\">\n\t\t\t\t<div class=\"elementor-widget-container\">\n\t\t\t<h3 class=\"elementor-heading-title elementor-size-default\">Diplomado en Gobernanza y Pol\u00edticas P\u00fablicas <\/h3>\t\t<\/div>\n\t\t\t\t<\/div>\n\t\t\t\t<div class=\"elementor-element elementor-element-e8d7094 elementor-tabs-view-horizontal elementor-widget elementor-widget-tabs\" data-id=\"e8d7094\" data-element_type=\"widget\" data-widget_type=\"tabs.default\">\n\t\t\t\t<div class=\"elementor-widget-container\">\n\t\t\t\t\t<div class=\"elementor-tabs\" role=\"tablist\">\n\t\t\t<div class=\"elementor-tabs-wrapper\">\n\t\t\t\t\t\t\t\t\t<div id=\"elementor-tab-title-2441\" class=\"elementor-tab-title elementor-tab-desktop-title\" data-tab=\"1\" role=\"tab\" aria-controls=\"elementor-tab-content-2441\"><a href=\"\">DESCRIPCI\u00d3N<\/a><\/div>\n\t\t\t\t\t\t\t\t\t<div id=\"elementor-tab-title-2442\" class=\"elementor-tab-title elementor-tab-desktop-title\" data-tab=\"2\" role=\"tab\" aria-controls=\"elementor-tab-content-2442\"><a href=\"\">OBJETIVOS<\/a><\/div>\n\t\t\t\t\t\t\t\t\t<div id=\"elementor-tab-title-2443\" class=\"elementor-tab-title elementor-tab-desktop-title\" data-tab=\"3\" role=\"tab\" aria-controls=\"elementor-tab-content-2443\"><a href=\"\">DETALLES ADICIONALES<\/a><\/div>\n\t\t\t\t\t\t\t\t\t<div id=\"elementor-tab-title-2444\" class=\"elementor-tab-title elementor-tab-desktop-title\" data-tab=\"4\" role=\"tab\" aria-controls=\"elementor-tab-content-2444\"><a href=\"\">BROCHURE<\/a><\/div>\n\t\t\t\t\t\t\t<\/div>\n\t\t\t<div class=\"elementor-tabs-content-wrapper\">\n\t\t\t\t\t\t\t\t\t<div class=\"elementor-tab-title elementor-tab-mobile-title\" data-tab=\"1\" role=\"tab\">DESCRIPCI\u00d3N<\/div>\n\t\t\t\t\t<div id=\"elementor-tab-content-2441\" class=\"elementor-tab-content elementor-clearfix\" data-tab=\"1\" role=\"tabpanel\" aria-labelledby=\"elementor-tab-title-2441\"><p><span style=\"font-weight: 400;\">Este Diplomado busca ofrecer una perspectiva amplia sobre el estudio de las pol\u00edticas p\u00fablicas con el fin de comprender c\u00f3mo se procesan los problemas p\u00fablicos en las democracias contempor\u00e1neas, con \u00e9nfasis en el contexto mexicano y latinoamericano. Se trata de examinar estas din\u00e1micas bajo el enfoque de gobernanza, es decir, atendiendo particularmente a los procesos de coordinaci\u00f3n entre actores sociales para la acci\u00f3n colectiva y la construcci\u00f3n de acuerdos cooperativos.<\/span><\/p><p><span style=\"font-weight: 400;\">El programa combina aprendizajes te\u00f3ricos y aplicados, incentivando una aproximaci\u00f3n multidimensional a las tem\u00e1ticas tratadas. En cada m\u00f3dulo se llevan a cabo discusiones y actividades colaborativas que propician el desarrollo de habilidades reflexivas y anal\u00edticas en los participantes.<\/span><\/p><p><span style=\"font-weight: 400;\">La planta acad\u00e9mica est\u00e1 vinculada al Observatorio de Gobernanza y Pol\u00edticas P\u00fablicas de la UNAM en Yucat\u00e1n y tiene amplia experiencia docente y de investigaci\u00f3n en estos temas.<\/span><\/p><\/div>\n\t\t\t\t\t\t\t\t\t<div class=\"elementor-tab-title elementor-tab-mobile-title\" data-tab=\"2\" role=\"tab\">OBJETIVOS<\/div>\n\t\t\t\t\t<div id=\"elementor-tab-content-2442\" class=\"elementor-tab-content elementor-clearfix\" data-tab=\"2\" role=\"tabpanel\" aria-labelledby=\"elementor-tab-title-2442\"><ul><li><span style=\"font-weight: 400;\">Proporcionar a los participantes herramientas conceptuales y anal\u00edticas sobre el enfoque de pol\u00edticas p\u00fablicas.<\/span><\/li><li><span style=\"font-weight: 400;\">Ofrecer a los participantes una perspectiva de conjunto sobre las distintas nociones de gobernanza, as\u00ed como sus tipolog\u00edas y mecanismos.<\/span><\/li><li><span style=\"font-weight: 400;\">Estimular en los participantes el desarrollo de habilidades necesarias para el an\u00e1lisis del proceso de pol\u00edticas p\u00fablicas bajo un enfoque de gobernanza.<\/span><\/li><li><span style=\"font-weight: 400;\">Generar en los participantes reflexiones argumentadas sobre los procesos de pol\u00edtica p\u00fablica y su vinculaci\u00f3n con la gobernanza, ampliando as\u00ed su comprensi\u00f3n sobre aspectos fundamentales del juego democr\u00e1tico contempor\u00e1neo<\/span><\/li><\/ul><\/div>\n\t\t\t\t\t\t\t\t\t<div class=\"elementor-tab-title elementor-tab-mobile-title\" data-tab=\"3\" role=\"tab\">DETALLES ADICIONALES<\/div>\n\t\t\t\t\t<div id=\"elementor-tab-content-2443\" class=\"elementor-tab-content elementor-clearfix\" data-tab=\"3\" role=\"tabpanel\" aria-labelledby=\"elementor-tab-title-2443\"><p><span style=\"font-weight: 400;\">Duraci\u00f3n: 122 horas<\/span><\/p><p><span style=\"font-weight: 400;\">Consultar programa completo, fechas y costos en Correo:<a href=\"mailto:educacion.continua@enesmerida.unam.mx\">educacion.continua@enesmerida.unam.mx<\/a><\/span><\/p><p><span style=\"font-weight: 400;\">Tel.: (999) 399 0901 Ext. 7713.<\/span><\/p><\/div>\n\t\t\t\t\t\t\t\t\t<div class=\"elementor-tab-title elementor-tab-mobile-title\" data-tab=\"4\" role=\"tab\">BROCHURE<\/div>\n\t\t\t\t\t<div id=\"elementor-tab-content-2444\" class=\"elementor-tab-content elementor-clearfix\" data-tab=\"4\" role=\"tabpanel\" aria-labelledby=\"elementor-tab-title-2444\"><p>\u00a0<\/p><p><a href=\"https:\/\/orga.cephcis.unam.mx\/wp-content\/uploads\/2023\/11\/Brochure_Diplomado_Gobernanza.pdf\">Descarga el brochure.<\/a><\/p><\/div>\n\t\t\t\t\t\t\t<\/div>\n\t\t<\/div>\n\t\t\t\t<\/div>\n\t\t\t\t<\/div>\n\t\t\t\t\t\t<\/div>\n\t\t\t\t\t<\/div>\n\t\t<\/div>\n\t\t\t\t\t\t\t\t<\/div>\n\t\t\t\t\t<\/div>\n\t\t<\/section>\n\t\t\t\t\t\t<\/div>\n\t\t\t\t\t\t<\/div>\n\t\t\t\t\t<\/div>\n\t\t","protected":false},"excerpt":{"rendered":"<p>Consultor\u00eda Ofrecemos un servicio integral de consultor\u00eda en diversos \u00e1mbitos, a cargo de especialistas con amplia experiencia en materia de asesoramiento y orientaci\u00f3n a las\u00a0 administraciones p\u00fablicas, as\u00ed como a organizaciones socio-civiles. Especialidades: Evaluaci\u00f3n de gesti\u00f3n gubernamental Dise\u00f1o, desarrollo y evaluaci\u00f3n de pol\u00edticas p\u00fablicas Planeaci\u00f3n estrat\u00e9gica Participaci\u00f3n ciudadana Perspectiva de g\u00e9nero y enfoque intercultural Capacitaci\u00f3n [&hellip;]<\/p>\n","protected":false},"author":1,"featured_media":0,"parent":0,"menu_order":0,"comment_status":"closed","ping_status":"closed","template":"elementor_canvas","meta":[],"_links":{"self":[{"href":"https:\/\/orga.cephcis.unam.mx\/index.php?rest_route=\/wp\/v2\/pages\/2178"}],"collection":[{"href":"https:\/\/orga.cephcis.unam.mx\/index.php?rest_route=\/wp\/v2\/pages"}],"about":[{"href":"https:\/\/orga.cephcis.unam.mx\/index.php?rest_route=\/wp\/v2\/types\/page"}],"author":[{"embeddable":true,"href":"https:\/\/orga.cephcis.unam.mx\/index.php?rest_route=\/wp\/v2\/users\/1"}],"replies":[{"embeddable":true,"href":"https:\/\/orga.cephcis.unam.mx\/index.php?rest_route=%2Fwp%2Fv2%2Fcomments&post=2178"}],"version-history":[{"count":47,"href":"https:\/\/orga.cephcis.unam.mx\/index.php?rest_route=\/wp\/v2\/pages\/2178\/revisions"}],"predecessor-version":[{"id":3571,"href":"https:\/\/orga.cephcis.unam.mx\/index.php?rest_route=\/wp\/v2\/pages\/2178\/revisions\/3571"}],"wp:attachment":[{"href":"https:\/\/orga.cephcis.unam.mx\/index.php?rest_route=%2Fwp%2Fv2%2Fmedia&parent=2178"}],"curies":[{"name":"wp","href":"https:\/\/api.w.org\/{rel}","templated":true}]}}