{"id":234,"date":"2020-07-25T01:28:47","date_gmt":"2020-07-25T01:28:47","guid":{"rendered":"http:\/\/orga.corporativehost.com\/?page_id=234"},"modified":"2024-01-07T20:56:34","modified_gmt":"2024-01-08T02:56:34","slug":"gobernanzayaccionsocial","status":"publish","type":"page","link":"https:\/\/orga.cephcis.unam.mx\/?page_id=234","title":{"rendered":"Marco Anal\u00edtico"},"content":{"rendered":"\t\t<div data-elementor-type=\"wp-page\" data-elementor-id=\"234\" class=\"elementor elementor-234\" data-elementor-settings=\"[]\">\n\t\t\t\t\t\t<div class=\"elementor-inner\">\n\t\t\t\t\t\t\t<div class=\"elementor-section-wrap\">\n\t\t\t\t\t\t\t<section class=\"elementor-section elementor-top-section elementor-element elementor-element-2d8bc6d0 elementor-section-boxed elementor-section-height-default elementor-section-height-default\" data-id=\"2d8bc6d0\" data-element_type=\"section\" data-settings=\"{&quot;background_background&quot;:&quot;classic&quot;}\">\n\t\t\t\t\t\t\t<div class=\"elementor-background-overlay\"><\/div>\n\t\t\t\t\t\t\t<div class=\"elementor-container elementor-column-gap-default\">\n\t\t\t\t\t\t\t<div class=\"elementor-row\">\n\t\t\t\t\t<div class=\"elementor-column elementor-col-100 elementor-top-column elementor-element elementor-element-73d25f46\" data-id=\"73d25f46\" data-element_type=\"column\">\n\t\t\t<div class=\"elementor-column-wrap\">\n\t\t\t\t\t\t\t<div class=\"elementor-widget-wrap\">\n\t\t\t\t\t\t\t\t<\/div>\n\t\t\t\t\t<\/div>\n\t\t<\/div>\n\t\t\t\t\t\t\t\t<\/div>\n\t\t\t\t\t<\/div>\n\t\t<\/section>\n\t\t\t\t<section class=\"elementor-section elementor-top-section elementor-element elementor-element-66bb8ad elementor-section-boxed elementor-section-height-default elementor-section-height-default\" data-id=\"66bb8ad\" data-element_type=\"section\" data-settings=\"{&quot;background_background&quot;:&quot;classic&quot;}\">\n\t\t\t\t\t\t<div class=\"elementor-container elementor-column-gap-default\">\n\t\t\t\t\t\t\t<div class=\"elementor-row\">\n\t\t\t\t\t<div class=\"elementor-column elementor-col-100 elementor-top-column elementor-element elementor-element-c9aac8d\" data-id=\"c9aac8d\" data-element_type=\"column\">\n\t\t\t<div class=\"elementor-column-wrap elementor-element-populated\">\n\t\t\t\t\t\t\t<div class=\"elementor-widget-wrap\">\n\t\t\t\t\t\t<div class=\"elementor-element elementor-element-32ad2e88 elementor-widget elementor-widget-heading\" data-id=\"32ad2e88\" data-element_type=\"widget\" data-widget_type=\"heading.default\">\n\t\t\t\t<div class=\"elementor-widget-container\">\n\t\t\t<h3 class=\"elementor-heading-title elementor-size-default\">MARCO ANAL\u00cdTICO<\/h3>\t\t<\/div>\n\t\t\t\t<\/div>\n\t\t\t\t<div class=\"elementor-element elementor-element-3222a5b elementor-widget elementor-widget-heading\" data-id=\"3222a5b\" data-element_type=\"widget\" data-widget_type=\"heading.default\">\n\t\t\t\t<div class=\"elementor-widget-container\">\n\t\t\t<h4 class=\"elementor-heading-title elementor-size-default\">DESCRIPCI\u00d3N<\/h4>\t\t<\/div>\n\t\t\t\t<\/div>\n\t\t\t\t<div class=\"elementor-element elementor-element-241be20 elementor-widget elementor-widget-text-editor\" data-id=\"241be20\" data-element_type=\"widget\" data-widget_type=\"text-editor.default\">\n\t\t\t\t<div class=\"elementor-widget-container\">\n\t\t\t\t\t<div class=\"elementor-text-editor elementor-clearfix\"><p style=\"text-align: justify\">El concepto de gobernanza ha sido ampliamente discutido y utilizado en las \u00faltimas d\u00e9cadas en las ciencias sociales y pol\u00edticas, ofreciendo elementos anal\u00edticos provechosos para el estudio de las democracias, los problemas p\u00fablicos y los procesos de toma de decisiones que involucran actores gubernamentales y no gubernamentales (Puga, 2021).<\/p>\n\n<p style=\"text-align: justify\">En ORGA, partimos de la premisa que la gobernanza es m\u00e1s un proceso que un arreglo estable, por eso, el an\u00e1lisis de sus expresiones es una v\u00eda f\u00e9rtil para observar y comprender las capacidades sociales de organizaci\u00f3n y toma de decisiones colectivas frente a demandas y problemas p\u00fablicos en distintos contextos.<\/p>\n\n<p style=\"text-align: justify\">Nuestro modelo de an\u00e1lisis se centra en el ejercicio emp\u00edrico de la gobernanza con el fin de comprender c\u00f3mo suceden en la pr\u00e1ctica los procesos de interacci\u00f3n y cooperaci\u00f3n entre actores gubernamentales y no gubernamentales (organizaciones sociales, comunidad cient\u00edfica, sociedad civil, sector privado, organismos internacionales), que se organizan en torno a asuntos de inter\u00e9s p\u00fablico en el \u00e1mbito peninsular. Nos ocupa tambi\u00e9n conocer los resultados de estos ejercicios e identificar las condiciones que facilitan o inhiben su desarrollo, documentando en qu\u00e9 medida pueden contribuir al dise\u00f1o e implementaci\u00f3n de pol\u00edticas p\u00fablicas en la regi\u00f3n.<\/p><\/div>\n\t\t\t\t<\/div>\n\t\t\t\t<\/div>\n\t\t\t\t<div class=\"elementor-element elementor-element-6c617ad elementor-widget elementor-widget-heading\" data-id=\"6c617ad\" data-element_type=\"widget\" data-widget_type=\"heading.default\">\n\t\t\t\t<div class=\"elementor-widget-container\">\n\t\t\t<h4 class=\"elementor-heading-title elementor-size-default\">\u00bfQU\u00c9 OBSERVAMOS EN ORGA?<\/h4>\t\t<\/div>\n\t\t\t\t<\/div>\n\t\t\t\t<div class=\"elementor-element elementor-element-b0e0a11 elementor-widget elementor-widget-text-editor\" data-id=\"b0e0a11\" data-element_type=\"widget\" data-widget_type=\"text-editor.default\">\n\t\t\t\t<div class=\"elementor-widget-container\">\n\t\t\t\t\t<div class=\"elementor-text-editor elementor-clearfix\"><p style=\"text-align: justify\">El ejercicio de observaci\u00f3n del ORGA atiende seis tem\u00e1ticas relevantes para la regi\u00f3n peninsular, conceptualizadas como \u201cespacios de observaci\u00f3n\u201d. Se contempla adem\u00e1s un espacio de &#8220;Temas y problemas emergentes&#8221; para dar cabida al an\u00e1lisis de problem\u00e1ticas coyunturales.<\/p>\n\n<p style=\"text-align: justify\">Realizamos un monitoreo permanente de las acciones y decisiones p\u00fablicas m\u00e1s relevantes relacionadas en cada tem\u00e1tica y, al mismo tiempo, desarrollamos estudios de caso que analizan, con mayor profundidad, arreglos de gobernanza y pol\u00edticas, programas o proyectos espec\u00edficos.<\/p><\/div>\n\t\t\t\t<\/div>\n\t\t\t\t<\/div>\n\t\t\t\t<section class=\"elementor-section elementor-inner-section elementor-element elementor-element-027ee4c elementor-section-boxed elementor-section-height-default elementor-section-height-default\" data-id=\"027ee4c\" data-element_type=\"section\">\n\t\t\t\t\t\t<div class=\"elementor-container elementor-column-gap-default\">\n\t\t\t\t\t\t\t<div class=\"elementor-row\">\n\t\t\t\t\t<div class=\"elementor-column elementor-col-33 elementor-inner-column elementor-element elementor-element-0e1544e\" data-id=\"0e1544e\" data-element_type=\"column\">\n\t\t\t<div class=\"elementor-column-wrap elementor-element-populated\">\n\t\t\t\t\t\t\t<div class=\"elementor-widget-wrap\">\n\t\t\t\t\t\t<div class=\"elementor-element elementor-element-c9fc644 elementor-widget elementor-widget-image\" data-id=\"c9fc644\" data-element_type=\"widget\" data-widget_type=\"image.default\">\n\t\t\t\t<div class=\"elementor-widget-container\">\n\t\t\t\t\t<div class=\"elementor-image\">\n\t\t\t\t\t\t\t\t\t\t\t<a href=\"https:\/\/orga.cephcis.unam.mx\/wp-content\/uploads\/2023\/10\/infografia_ORGA_Politicas_Publicas_001.jpg\" data-elementor-open-lightbox=\"yes\">\n\t\t\t\t\t\t\t<img width=\"1290\" height=\"1360\" src=\"https:\/\/orga.cephcis.unam.mx\/wp-content\/uploads\/2023\/10\/infografia_ORGA_Politicas_Publicas_001.jpg\" class=\"attachment-full size-full\" alt=\"\" loading=\"lazy\" srcset=\"https:\/\/orga.cephcis.unam.mx\/wp-content\/uploads\/2023\/10\/infografia_ORGA_Politicas_Publicas_001.jpg 1290w, https:\/\/orga.cephcis.unam.mx\/wp-content\/uploads\/2023\/10\/infografia_ORGA_Politicas_Publicas_001-285x300.jpg 285w, https:\/\/orga.cephcis.unam.mx\/wp-content\/uploads\/2023\/10\/infografia_ORGA_Politicas_Publicas_001-971x1024.jpg 971w, https:\/\/orga.cephcis.unam.mx\/wp-content\/uploads\/2023\/10\/infografia_ORGA_Politicas_Publicas_001-768x810.jpg 768w\" sizes=\"(max-width: 1290px) 100vw, 1290px\" \/>\t\t\t\t\t\t\t\t<\/a>\n\t\t\t\t\t\t\t\t\t\t\t<\/div>\n\t\t\t\t<\/div>\n\t\t\t\t<\/div>\n\t\t\t\t\t\t<\/div>\n\t\t\t\t\t<\/div>\n\t\t<\/div>\n\t\t\t\t<div class=\"elementor-column elementor-col-33 elementor-inner-column elementor-element elementor-element-f108a93\" data-id=\"f108a93\" data-element_type=\"column\">\n\t\t\t<div class=\"elementor-column-wrap elementor-element-populated\">\n\t\t\t\t\t\t\t<div class=\"elementor-widget-wrap\">\n\t\t\t\t\t\t<div class=\"elementor-element elementor-element-1a914ed elementor-widget elementor-widget-image\" data-id=\"1a914ed\" data-element_type=\"widget\" data-widget_type=\"image.default\">\n\t\t\t\t<div class=\"elementor-widget-container\">\n\t\t\t\t\t<div class=\"elementor-image\">\n\t\t\t\t\t\t\t\t\t\t\t<a href=\"https:\/\/orga.cephcis.unam.mx\/wp-content\/uploads\/2023\/10\/infografia_ORGA_Politicas_Publicas_002.jpg\" data-elementor-open-lightbox=\"yes\">\n\t\t\t\t\t\t\t<img width=\"1290\" height=\"1360\" src=\"https:\/\/orga.cephcis.unam.mx\/wp-content\/uploads\/2023\/10\/infografia_ORGA_Politicas_Publicas_002.jpg\" class=\"attachment-full size-full\" alt=\"\" loading=\"lazy\" srcset=\"https:\/\/orga.cephcis.unam.mx\/wp-content\/uploads\/2023\/10\/infografia_ORGA_Politicas_Publicas_002.jpg 1290w, https:\/\/orga.cephcis.unam.mx\/wp-content\/uploads\/2023\/10\/infografia_ORGA_Politicas_Publicas_002-285x300.jpg 285w, https:\/\/orga.cephcis.unam.mx\/wp-content\/uploads\/2023\/10\/infografia_ORGA_Politicas_Publicas_002-971x1024.jpg 971w, https:\/\/orga.cephcis.unam.mx\/wp-content\/uploads\/2023\/10\/infografia_ORGA_Politicas_Publicas_002-768x810.jpg 768w\" sizes=\"(max-width: 1290px) 100vw, 1290px\" \/>\t\t\t\t\t\t\t\t<\/a>\n\t\t\t\t\t\t\t\t\t\t\t<\/div>\n\t\t\t\t<\/div>\n\t\t\t\t<\/div>\n\t\t\t\t\t\t<\/div>\n\t\t\t\t\t<\/div>\n\t\t<\/div>\n\t\t\t\t<div class=\"elementor-column elementor-col-33 elementor-inner-column elementor-element elementor-element-85fd953\" data-id=\"85fd953\" data-element_type=\"column\">\n\t\t\t<div class=\"elementor-column-wrap\">\n\t\t\t\t\t\t\t<div class=\"elementor-widget-wrap\">\n\t\t\t\t\t\t\t\t<\/div>\n\t\t\t\t\t<\/div>\n\t\t<\/div>\n\t\t\t\t\t\t\t\t<\/div>\n\t\t\t\t\t<\/div>\n\t\t<\/section>\n\t\t\t\t\t\t<\/div>\n\t\t\t\t\t<\/div>\n\t\t<\/div>\n\t\t\t\t\t\t\t\t<\/div>\n\t\t\t\t\t<\/div>\n\t\t<\/section>\n\t\t\t\t<section class=\"elementor-section elementor-top-section elementor-element elementor-element-6017158 elementor-section-stretched elementor-section-boxed elementor-section-height-default elementor-section-height-default\" data-id=\"6017158\" data-element_type=\"section\" data-settings=\"{&quot;stretch_section&quot;:&quot;section-stretched&quot;,&quot;background_background&quot;:&quot;classic&quot;}\">\n\t\t\t\t\t\t<div class=\"elementor-container elementor-column-gap-no\">\n\t\t\t\t\t\t\t<div class=\"elementor-row\">\n\t\t\t\t\t<div class=\"elementor-column elementor-col-100 elementor-top-column elementor-element elementor-element-9cb1a34\" data-id=\"9cb1a34\" data-element_type=\"column\">\n\t\t\t<div class=\"elementor-column-wrap\">\n\t\t\t\t\t\t\t<div class=\"elementor-widget-wrap\">\n\t\t\t\t\t\t\t\t<\/div>\n\t\t\t\t\t<\/div>\n\t\t<\/div>\n\t\t\t\t\t\t\t\t<\/div>\n\t\t\t\t\t<\/div>\n\t\t<\/section>\n\t\t\t\t\t\t<\/div>\n\t\t\t\t\t\t<\/div>\n\t\t\t\t\t<\/div>\n\t\t","protected":false},"excerpt":{"rendered":"<p>MARCO ANAL\u00cdTICO DESCRIPCI\u00d3N El concepto de gobernanza ha sido ampliamente discutido y utilizado en las \u00faltimas d\u00e9cadas en las ciencias sociales y pol\u00edticas, ofreciendo elementos anal\u00edticos provechosos para el estudio de las democracias, los problemas p\u00fablicos y los procesos de toma de decisiones que involucran actores gubernamentales y no gubernamentales (Puga, 2021). En ORGA, partimos [&hellip;]<\/p>\n","protected":false},"author":1,"featured_media":0,"parent":0,"menu_order":0,"comment_status":"closed","ping_status":"closed","template":"elementor_canvas","meta":[],"_links":{"self":[{"href":"https:\/\/orga.cephcis.unam.mx\/index.php?rest_route=\/wp\/v2\/pages\/234"}],"collection":[{"href":"https:\/\/orga.cephcis.unam.mx\/index.php?rest_route=\/wp\/v2\/pages"}],"about":[{"href":"https:\/\/orga.cephcis.unam.mx\/index.php?rest_route=\/wp\/v2\/types\/page"}],"author":[{"embeddable":true,"href":"https:\/\/orga.cephcis.unam.mx\/index.php?rest_route=\/wp\/v2\/users\/1"}],"replies":[{"embeddable":true,"href":"https:\/\/orga.cephcis.unam.mx\/index.php?rest_route=%2Fwp%2Fv2%2Fcomments&post=234"}],"version-history":[{"count":25,"href":"https:\/\/orga.cephcis.unam.mx\/index.php?rest_route=\/wp\/v2\/pages\/234\/revisions"}],"predecessor-version":[{"id":3561,"href":"https:\/\/orga.cephcis.unam.mx\/index.php?rest_route=\/wp\/v2\/pages\/234\/revisions\/3561"}],"wp:attachment":[{"href":"https:\/\/orga.cephcis.unam.mx\/index.php?rest_route=%2Fwp%2Fv2%2Fmedia&parent=234"}],"curies":[{"name":"wp","href":"https:\/\/api.w.org\/{rel}","templated":true}]}}