{"id":3119,"date":"2023-10-10T14:19:43","date_gmt":"2023-10-10T20:19:43","guid":{"rendered":"https:\/\/orga.cephcis.unam.mx\/?page_id=3119"},"modified":"2023-12-15T13:53:34","modified_gmt":"2023-12-15T19:53:34","slug":"documentos-de-interes","status":"publish","type":"page","link":"https:\/\/orga.cephcis.unam.mx\/?page_id=3119","title":{"rendered":"Documentos de inter\u00e9s"},"content":{"rendered":"\t\t<div data-elementor-type=\"wp-page\" data-elementor-id=\"3119\" class=\"elementor elementor-3119\" data-elementor-settings=\"[]\">\n\t\t\t\t\t\t<div class=\"elementor-inner\">\n\t\t\t\t\t\t\t<div class=\"elementor-section-wrap\">\n\t\t\t\t\t\t\t<section class=\"elementor-section elementor-top-section elementor-element elementor-element-657bb725 elementor-section-boxed elementor-section-height-default elementor-section-height-default\" data-id=\"657bb725\" data-element_type=\"section\" data-settings=\"{&quot;background_background&quot;:&quot;classic&quot;}\">\n\t\t\t\t\t\t<div class=\"elementor-container elementor-column-gap-default\">\n\t\t\t\t\t\t\t<div class=\"elementor-row\">\n\t\t\t\t\t<div class=\"elementor-column elementor-col-100 elementor-top-column elementor-element elementor-element-1d62b1cf\" data-id=\"1d62b1cf\" data-element_type=\"column\">\n\t\t\t<div class=\"elementor-column-wrap elementor-element-populated\">\n\t\t\t\t\t\t\t<div class=\"elementor-widget-wrap\">\n\t\t\t\t\t\t<div class=\"elementor-element elementor-element-63da7200 elementor-widget elementor-widget-heading\" data-id=\"63da7200\" data-element_type=\"widget\" data-widget_type=\"heading.default\">\n\t\t\t\t<div class=\"elementor-widget-container\">\n\t\t\t<h3 class=\"elementor-heading-title elementor-size-default\">DOCUMENTOS DE INTER\u00c9S<\/h3>\t\t<\/div>\n\t\t\t\t<\/div>\n\t\t\t\t\t\t<\/div>\n\t\t\t\t\t<\/div>\n\t\t<\/div>\n\t\t\t\t\t\t\t\t<\/div>\n\t\t\t\t\t<\/div>\n\t\t<\/section>\n\t\t\t\t<section class=\"elementor-section elementor-top-section elementor-element elementor-element-8ef932f elementor-section-boxed elementor-section-height-default elementor-section-height-default\" data-id=\"8ef932f\" data-element_type=\"section\">\n\t\t\t\t\t\t<div class=\"elementor-container elementor-column-gap-default\">\n\t\t\t\t\t\t\t<div class=\"elementor-row\">\n\t\t\t\t\t<div class=\"elementor-column elementor-col-100 elementor-top-column elementor-element elementor-element-c2a21c1\" data-id=\"c2a21c1\" data-element_type=\"column\">\n\t\t\t<div class=\"elementor-column-wrap elementor-element-populated\">\n\t\t\t\t\t\t\t<div class=\"elementor-widget-wrap\">\n\t\t\t\t\t\t<div class=\"elementor-element elementor-element-f0d3b85 elementor-widget elementor-widget-heading\" data-id=\"f0d3b85\" data-element_type=\"widget\" data-widget_type=\"heading.default\">\n\t\t\t\t<div class=\"elementor-widget-container\">\n\t\t\t<h3 class=\"elementor-heading-title elementor-size-small\"><a href=\"https:\/\/orga.cephcis.unam.mx\/wp-content\/uploads\/2021\/06\/COVID-19-No.17-04-Impacto-de-los-determinantes-sociales-de-la-COVID-19-en-M\u00e9xico.pdf\">Impacto de los determinantes sociales de la COVID19 en M\u00e9xico<\/a><\/h3>\t\t<\/div>\n\t\t\t\t<\/div>\n\t\t\t\t<div class=\"elementor-element elementor-element-aa85926 elementor-widget elementor-widget-heading\" data-id=\"aa85926\" data-element_type=\"widget\" data-widget_type=\"heading.default\">\n\t\t\t\t<div class=\"elementor-widget-container\">\n\t\t\t<h3 class=\"elementor-heading-title elementor-size-default\"><a href=\"https:\/\/gits.igg.unam.mx\/iCOVID-19\/home%20\">Visualizador de datos geogr\u00e1ficos del iCOVID-19<\/a><\/h3>\t\t<\/div>\n\t\t\t\t<\/div>\n\t\t\t\t\t\t<\/div>\n\t\t\t\t\t<\/div>\n\t\t<\/div>\n\t\t\t\t\t\t\t\t<\/div>\n\t\t\t\t\t<\/div>\n\t\t<\/section>\n\t\t\t\t\t\t<\/div>\n\t\t\t\t\t\t<\/div>\n\t\t\t\t\t<\/div>\n\t\t","protected":false},"excerpt":{"rendered":"<p>DOCUMENTOS DE INTER\u00c9S Impacto de los determinantes sociales de la COVID19 en M\u00e9xico Visualizador de datos geogr\u00e1ficos del iCOVID-19<\/p>\n","protected":false},"author":3,"featured_media":0,"parent":0,"menu_order":0,"comment_status":"closed","ping_status":"closed","template":"elementor_canvas","meta":[],"_links":{"self":[{"href":"https:\/\/orga.cephcis.unam.mx\/index.php?rest_route=\/wp\/v2\/pages\/3119"}],"collection":[{"href":"https:\/\/orga.cephcis.unam.mx\/index.php?rest_route=\/wp\/v2\/pages"}],"about":[{"href":"https:\/\/orga.cephcis.unam.mx\/index.php?rest_route=\/wp\/v2\/types\/page"}],"author":[{"embeddable":true,"href":"https:\/\/orga.cephcis.unam.mx\/index.php?rest_route=\/wp\/v2\/users\/3"}],"replies":[{"embeddable":true,"href":"https:\/\/orga.cephcis.unam.mx\/index.php?rest_route=%2Fwp%2Fv2%2Fcomments&post=3119"}],"version-history":[{"count":14,"href":"https:\/\/orga.cephcis.unam.mx\/index.php?rest_route=\/wp\/v2\/pages\/3119\/revisions"}],"predecessor-version":[{"id":3520,"href":"https:\/\/orga.cephcis.unam.mx\/index.php?rest_route=\/wp\/v2\/pages\/3119\/revisions\/3520"}],"wp:attachment":[{"href":"https:\/\/orga.cephcis.unam.mx\/index.php?rest_route=%2Fwp%2Fv2%2Fmedia&parent=3119"}],"curies":[{"name":"wp","href":"https:\/\/api.w.org\/{rel}","templated":true}]}}