{"id":724,"date":"2020-08-12T18:35:33","date_gmt":"2020-08-12T18:35:33","guid":{"rendered":"http:\/\/orga.corporativehost.com\/?page_id=724"},"modified":"2024-02-29T19:09:30","modified_gmt":"2024-03-01T01:09:30","slug":"noticias","status":"publish","type":"page","link":"https:\/\/orga.cephcis.unam.mx\/?page_id=724","title":{"rendered":"Noticias"},"content":{"rendered":"\t\t<div data-elementor-type=\"wp-page\" data-elementor-id=\"724\" class=\"elementor elementor-724\" data-elementor-settings=\"[]\">\n\t\t\t\t\t\t<div class=\"elementor-inner\">\n\t\t\t\t\t\t\t<div class=\"elementor-section-wrap\">\n\t\t\t\t\t\t\t<section class=\"elementor-section elementor-top-section elementor-element elementor-element-657bb725 elementor-section-boxed elementor-section-height-default elementor-section-height-default\" data-id=\"657bb725\" data-element_type=\"section\" data-settings=\"{&quot;background_background&quot;:&quot;classic&quot;}\">\n\t\t\t\t\t\t<div class=\"elementor-container elementor-column-gap-default\">\n\t\t\t\t\t\t\t<div class=\"elementor-row\">\n\t\t\t\t\t<div class=\"elementor-column elementor-col-100 elementor-top-column elementor-element elementor-element-1d62b1cf\" data-id=\"1d62b1cf\" data-element_type=\"column\">\n\t\t\t<div class=\"elementor-column-wrap elementor-element-populated\">\n\t\t\t\t\t\t\t<div class=\"elementor-widget-wrap\">\n\t\t\t\t\t\t<div class=\"elementor-element elementor-element-63da7200 elementor-widget elementor-widget-heading\" data-id=\"63da7200\" data-element_type=\"widget\" data-widget_type=\"heading.default\">\n\t\t\t\t<div class=\"elementor-widget-container\">\n\t\t\t<h3 class=\"elementor-heading-title elementor-size-default\">NOTICIAS<\/h3>\t\t<\/div>\n\t\t\t\t<\/div>\n\t\t\t\t<div class=\"elementor-element elementor-element-27799758 elementor-widget elementor-widget-text-editor\" data-id=\"27799758\" data-element_type=\"widget\" data-widget_type=\"text-editor.default\">\n\t\t\t\t<div class=\"elementor-widget-container\">\n\t\t\t\t\t<div class=\"elementor-text-editor elementor-clearfix\"><p>El ORGA es tambi\u00e9n un espacio de di\u00e1logo que fomenta la reflexi\u00f3n y el debate p\u00fablico sobre distintos aspectos de la vida democr\u00e1tica en la pen\u00ednsula de Yucat\u00e1n.<\/p><\/div>\n\t\t\t\t<\/div>\n\t\t\t\t<\/div>\n\t\t\t\t<div class=\"elementor-element elementor-element-0ca076e elementor-grid-3 elementor-grid-tablet-2 elementor-grid-mobile-1 elementor-posts--thumbnail-top elementor-widget elementor-widget-posts\" data-id=\"0ca076e\" data-element_type=\"widget\" data-settings=\"{&quot;classic_columns&quot;:&quot;3&quot;,&quot;classic_columns_tablet&quot;:&quot;2&quot;,&quot;classic_columns_mobile&quot;:&quot;1&quot;,&quot;classic_row_gap&quot;:{&quot;unit&quot;:&quot;px&quot;,&quot;size&quot;:35,&quot;sizes&quot;:[]}}\" data-widget_type=\"posts.classic\">\n\t\t\t\t<div class=\"elementor-widget-container\">\n\t\t\t\t\t<div class=\"elementor-posts-container elementor-posts elementor-posts--skin-classic elementor-grid\">\n\t\t\t\t<article class=\"elementor-post elementor-grid-item post-3917 post type-post status-publish format-standard has-post-thumbnail hentry category-noticias tag-foro-pueblo-maya tag-pueblo-maya\">\n\t\t\t\t<a class=\"elementor-post__thumbnail__link\" href=\"https:\/\/orga.cephcis.unam.mx\/?p=3917\" >\n\t\t\t<div class=\"elementor-post__thumbnail\"><img width=\"300\" height=\"225\" src=\"https:\/\/orga.cephcis.unam.mx\/wp-content\/uploads\/2026\/03\/Jornadas-de-gobernanza-300x225.jpg\" class=\"attachment-medium size-medium\" alt=\"\" loading=\"lazy\" srcset=\"https:\/\/orga.cephcis.unam.mx\/wp-content\/uploads\/2026\/03\/Jornadas-de-gobernanza-300x225.jpg 300w, https:\/\/orga.cephcis.unam.mx\/wp-content\/uploads\/2026\/03\/Jornadas-de-gobernanza-1024x768.jpg 1024w, https:\/\/orga.cephcis.unam.mx\/wp-content\/uploads\/2026\/03\/Jornadas-de-gobernanza-768x576.jpg 768w, https:\/\/orga.cephcis.unam.mx\/wp-content\/uploads\/2026\/03\/Jornadas-de-gobernanza.jpg 1280w\" sizes=\"(max-width: 300px) 100vw, 300px\" \/><\/div>\n\t\t<\/a>\n\t\t\t\t<div class=\"elementor-post__text\">\n\t\t\t\t<h3 class=\"elementor-post__title\">\n\t\t\t<a href=\"https:\/\/orga.cephcis.unam.mx\/?p=3917\" >\n\t\t\t\tJornadas sobre Estudios de la Gobernanza en CEPHCIS\t\t\t<\/a>\n\t\t<\/h3>\n\t\t\t\t<div class=\"elementor-post__meta-data\">\n\t\t\t\t\t<span class=\"elementor-post-date\">\n\t\t\t14 noviembre, 2025\t\t<\/span>\n\t\t\t\t<\/div>\n\t\t\t\t<div class=\"elementor-post__excerpt\">\n\t\t\t<p>Jornadas sobre Estudios de la Gobernanza en CEPHCIS Participaron m\u00e1s de 30 especialistas en gobernanza de instituciones acad\u00e9micas de todo el pa\u00eds. El grupo de<\/p>\n\t\t<\/div>\n\t\t\t\t\t<a class=\"elementor-post__read-more\" href=\"https:\/\/orga.cephcis.unam.mx\/?p=3917\" >\n\t\t\t\tLEER M\u00c1S \u00bb\t\t\t<\/a>\n\t\t\t\t<\/div>\n\t\t\t\t<\/article>\n\t\t\t\t<article class=\"elementor-post elementor-grid-item post-3911 post type-post status-publish format-standard has-post-thumbnail hentry category-noticias tag-foro-pueblo-maya tag-pueblo-maya\">\n\t\t\t\t<a class=\"elementor-post__thumbnail__link\" href=\"https:\/\/orga.cephcis.unam.mx\/?p=3911\" >\n\t\t\t<div class=\"elementor-post__thumbnail\"><img width=\"300\" height=\"164\" src=\"https:\/\/orga.cephcis.unam.mx\/wp-content\/uploads\/2026\/03\/260312_Revista-peninsula_Carrusel-1-300x164.jpg\" class=\"attachment-medium size-medium\" alt=\"\" loading=\"lazy\" srcset=\"https:\/\/orga.cephcis.unam.mx\/wp-content\/uploads\/2026\/03\/260312_Revista-peninsula_Carrusel-1-300x164.jpg 300w, https:\/\/orga.cephcis.unam.mx\/wp-content\/uploads\/2026\/03\/260312_Revista-peninsula_Carrusel-1-1024x559.jpg 1024w, https:\/\/orga.cephcis.unam.mx\/wp-content\/uploads\/2026\/03\/260312_Revista-peninsula_Carrusel-1-768x419.jpg 768w, https:\/\/orga.cephcis.unam.mx\/wp-content\/uploads\/2026\/03\/260312_Revista-peninsula_Carrusel-1-1536x838.jpg 1536w, https:\/\/orga.cephcis.unam.mx\/wp-content\/uploads\/2026\/03\/260312_Revista-peninsula_Carrusel-1-2048x1117.jpg 2048w\" sizes=\"(max-width: 300px) 100vw, 300px\" \/><\/div>\n\t\t<\/a>\n\t\t\t\t<div class=\"elementor-post__text\">\n\t\t\t\t<h3 class=\"elementor-post__title\">\n\t\t\t<a href=\"https:\/\/orga.cephcis.unam.mx\/?p=3911\" >\n\t\t\t\tPresentan dossier en Revista Pen\u00ednsula &#8220;Gobernanza en Yucat\u00e1n: miradas sectoriales&#8221;\t\t\t<\/a>\n\t\t<\/h3>\n\t\t\t\t<div class=\"elementor-post__meta-data\">\n\t\t\t\t\t<span class=\"elementor-post-date\">\n\t\t\t14 octubre, 2025\t\t<\/span>\n\t\t\t\t<\/div>\n\t\t\t\t<div class=\"elementor-post__excerpt\">\n\t\t\t<p>Presentan dossier en Revista Pen\u00ednsula &#8220;Gobernanza en Yucat\u00e1n: miradas sectoriales&#8221; Se integra por varios trabajos derivados del proyecto PAPIIT IN304924 \u201cModos de gobernanza en la<\/p>\n\t\t<\/div>\n\t\t\t\t\t<a class=\"elementor-post__read-more\" href=\"https:\/\/orga.cephcis.unam.mx\/?p=3911\" >\n\t\t\t\tLEER M\u00c1S \u00bb\t\t\t<\/a>\n\t\t\t\t<\/div>\n\t\t\t\t<\/article>\n\t\t\t\t<article class=\"elementor-post elementor-grid-item post-3905 post type-post status-publish format-standard has-post-thumbnail hentry category-noticias tag-foro-pueblo-maya tag-pueblo-maya\">\n\t\t\t\t<a class=\"elementor-post__thumbnail__link\" href=\"https:\/\/orga.cephcis.unam.mx\/?p=3905\" >\n\t\t\t<div class=\"elementor-post__thumbnail\"><img width=\"300\" height=\"225\" src=\"https:\/\/orga.cephcis.unam.mx\/wp-content\/uploads\/2026\/03\/Luis-Aguilar_CEPHCIS-300x225.jpeg\" class=\"attachment-medium size-medium\" alt=\"\" loading=\"lazy\" srcset=\"https:\/\/orga.cephcis.unam.mx\/wp-content\/uploads\/2026\/03\/Luis-Aguilar_CEPHCIS-300x225.jpeg 300w, https:\/\/orga.cephcis.unam.mx\/wp-content\/uploads\/2026\/03\/Luis-Aguilar_CEPHCIS-768x576.jpeg 768w, https:\/\/orga.cephcis.unam.mx\/wp-content\/uploads\/2026\/03\/Luis-Aguilar_CEPHCIS.jpeg 1024w\" sizes=\"(max-width: 300px) 100vw, 300px\" \/><\/div>\n\t\t<\/a>\n\t\t\t\t<div class=\"elementor-post__text\">\n\t\t\t\t<h3 class=\"elementor-post__title\">\n\t\t\t<a href=\"https:\/\/orga.cephcis.unam.mx\/?p=3905\" >\n\t\t\t\tLuis F. Aguilar Villanueva  ofrece conferencia sobre Nueva Gobernanza en CEPHCIS\t\t\t<\/a>\n\t\t<\/h3>\n\t\t\t\t<div class=\"elementor-post__meta-data\">\n\t\t\t\t\t<span class=\"elementor-post-date\">\n\t\t\t4 octubre, 2025\t\t<\/span>\n\t\t\t\t<\/div>\n\t\t\t\t<div class=\"elementor-post__excerpt\">\n\t\t\t<p>Luis F. Aguilar Villanueva ofrece conferencia sobre Nueva Gobernanza en CEPHCIS Invitado por el ORGA y el proyecto PAPIIT IN304924 \u201cModos de gobernanza en la<\/p>\n\t\t<\/div>\n\t\t\t\t\t<a class=\"elementor-post__read-more\" href=\"https:\/\/orga.cephcis.unam.mx\/?p=3905\" >\n\t\t\t\tLEER M\u00c1S \u00bb\t\t\t<\/a>\n\t\t\t\t<\/div>\n\t\t\t\t<\/article>\n\t\t\t\t<article class=\"elementor-post elementor-grid-item post-3931 post type-post status-publish format-standard has-post-thumbnail hentry category-noticias tag-foro-pueblo-maya tag-pueblo-maya\">\n\t\t\t\t<a class=\"elementor-post__thumbnail__link\" href=\"https:\/\/orga.cephcis.unam.mx\/?p=3931\" >\n\t\t\t<div class=\"elementor-post__thumbnail\"><img width=\"232\" height=\"300\" src=\"https:\/\/orga.cephcis.unam.mx\/wp-content\/uploads\/2026\/03\/cartel-curso-232x300.png\" class=\"attachment-medium size-medium\" alt=\"\" loading=\"lazy\" srcset=\"https:\/\/orga.cephcis.unam.mx\/wp-content\/uploads\/2026\/03\/cartel-curso-232x300.png 232w, https:\/\/orga.cephcis.unam.mx\/wp-content\/uploads\/2026\/03\/cartel-curso-791x1024.png 791w, https:\/\/orga.cephcis.unam.mx\/wp-content\/uploads\/2026\/03\/cartel-curso-768x994.png 768w, https:\/\/orga.cephcis.unam.mx\/wp-content\/uploads\/2026\/03\/cartel-curso-1187x1536.png 1187w, https:\/\/orga.cephcis.unam.mx\/wp-content\/uploads\/2026\/03\/cartel-curso.png 1545w\" sizes=\"(max-width: 232px) 100vw, 232px\" \/><\/div>\n\t\t<\/a>\n\t\t\t\t<div class=\"elementor-post__text\">\n\t\t\t\t<h3 class=\"elementor-post__title\">\n\t\t\t<a href=\"https:\/\/orga.cephcis.unam.mx\/?p=3931\" >\n\t\t\t\tDictan curso internacional &#8220;An\u00e1lisis y Dise\u00f1o de Pol\u00edticas P\u00fablicas&#8221;\t\t\t<\/a>\n\t\t<\/h3>\n\t\t\t\t<div class=\"elementor-post__meta-data\">\n\t\t\t\t\t<span class=\"elementor-post-date\">\n\t\t\t1 diciembre, 2024\t\t<\/span>\n\t\t\t\t<\/div>\n\t\t\t\t<div class=\"elementor-post__excerpt\">\n\t\t\t<p>Dictan curso internacional &#8220;An\u00e1lisis y Dise\u00f1o de Pol\u00edticas P\u00fablicas&#8221; El curso fue dictado por el Dr. Gonzalo Ordo\u00f1ez Matamoros, Universidad Externado de Colombia en el<\/p>\n\t\t<\/div>\n\t\t\t\t\t<a class=\"elementor-post__read-more\" href=\"https:\/\/orga.cephcis.unam.mx\/?p=3931\" >\n\t\t\t\tLEER M\u00c1S \u00bb\t\t\t<\/a>\n\t\t\t\t<\/div>\n\t\t\t\t<\/article>\n\t\t\t\t<article class=\"elementor-post elementor-grid-item post-3936 post type-post status-publish format-standard has-post-thumbnail hentry category-noticias tag-foro-pueblo-maya tag-pueblo-maya\">\n\t\t\t\t<a class=\"elementor-post__thumbnail__link\" href=\"https:\/\/orga.cephcis.unam.mx\/?p=3936\" >\n\t\t\t<div class=\"elementor-post__thumbnail\"><img width=\"300\" height=\"300\" src=\"https:\/\/orga.cephcis.unam.mx\/wp-content\/uploads\/2026\/03\/PHOTO-2024-11-25-09-39-43-300x300.jpg\" class=\"attachment-medium size-medium\" alt=\"\" loading=\"lazy\" srcset=\"https:\/\/orga.cephcis.unam.mx\/wp-content\/uploads\/2026\/03\/PHOTO-2024-11-25-09-39-43-300x300.jpg 300w, https:\/\/orga.cephcis.unam.mx\/wp-content\/uploads\/2026\/03\/PHOTO-2024-11-25-09-39-43-1024x1024.jpg 1024w, https:\/\/orga.cephcis.unam.mx\/wp-content\/uploads\/2026\/03\/PHOTO-2024-11-25-09-39-43-150x150.jpg 150w, https:\/\/orga.cephcis.unam.mx\/wp-content\/uploads\/2026\/03\/PHOTO-2024-11-25-09-39-43-768x768.jpg 768w, https:\/\/orga.cephcis.unam.mx\/wp-content\/uploads\/2026\/03\/PHOTO-2024-11-25-09-39-43.jpg 1080w\" sizes=\"(max-width: 300px) 100vw, 300px\" \/><\/div>\n\t\t<\/a>\n\t\t\t\t<div class=\"elementor-post__text\">\n\t\t\t\t<h3 class=\"elementor-post__title\">\n\t\t\t<a href=\"https:\/\/orga.cephcis.unam.mx\/?p=3936\" >\n\t\t\t\tPresentan libro &#8220;Manual de An\u00e1lisis y Dise\u00f1o de Pol\u00edticas P\u00fablicas&#8221;\t\t\t<\/a>\n\t\t<\/h3>\n\t\t\t\t<div class=\"elementor-post__meta-data\">\n\t\t\t\t\t<span class=\"elementor-post-date\">\n\t\t\t24 noviembre, 2024\t\t<\/span>\n\t\t\t\t<\/div>\n\t\t\t\t<div class=\"elementor-post__excerpt\">\n\t\t\t<p>Presentan libro &#8220;Manual de An\u00e1lisis y Dise\u00f1o de Pol\u00edticas P\u00fablicas&#8221; El libro es coordinado por Gonzalo Ordo\u00f1ez Matamoros, de la Universidad Externado de Colombia. Ser\u00e1<\/p>\n\t\t<\/div>\n\t\t\t\t\t<a class=\"elementor-post__read-more\" href=\"https:\/\/orga.cephcis.unam.mx\/?p=3936\" >\n\t\t\t\tLEER M\u00c1S \u00bb\t\t\t<\/a>\n\t\t\t\t<\/div>\n\t\t\t\t<\/article>\n\t\t\t\t<article class=\"elementor-post elementor-grid-item post-3735 post type-post status-publish format-standard has-post-thumbnail hentry category-noticias tag-foro-pueblo-maya tag-pueblo-maya\">\n\t\t\t\t<a class=\"elementor-post__thumbnail__link\" href=\"https:\/\/orga.cephcis.unam.mx\/?p=3735\" >\n\t\t\t<div class=\"elementor-post__thumbnail\"><img width=\"300\" height=\"225\" src=\"https:\/\/orga.cephcis.unam.mx\/wp-content\/uploads\/2024\/05\/WhatsApp-Image-2024-05-17-at-6.47.40-PM-300x225.jpeg\" class=\"attachment-medium size-medium\" alt=\"\" loading=\"lazy\" srcset=\"https:\/\/orga.cephcis.unam.mx\/wp-content\/uploads\/2024\/05\/WhatsApp-Image-2024-05-17-at-6.47.40-PM-300x225.jpeg 300w, https:\/\/orga.cephcis.unam.mx\/wp-content\/uploads\/2024\/05\/WhatsApp-Image-2024-05-17-at-6.47.40-PM-1024x768.jpeg 1024w, https:\/\/orga.cephcis.unam.mx\/wp-content\/uploads\/2024\/05\/WhatsApp-Image-2024-05-17-at-6.47.40-PM-768x576.jpeg 768w, https:\/\/orga.cephcis.unam.mx\/wp-content\/uploads\/2024\/05\/WhatsApp-Image-2024-05-17-at-6.47.40-PM-1536x1152.jpeg 1536w, https:\/\/orga.cephcis.unam.mx\/wp-content\/uploads\/2024\/05\/WhatsApp-Image-2024-05-17-at-6.47.40-PM.jpeg 1600w\" sizes=\"(max-width: 300px) 100vw, 300px\" \/><\/div>\n\t\t<\/a>\n\t\t\t\t<div class=\"elementor-post__text\">\n\t\t\t\t<h3 class=\"elementor-post__title\">\n\t\t\t<a href=\"https:\/\/orga.cephcis.unam.mx\/?p=3735\" >\n\t\t\t\tCiudadanos presentan propuestas a candidatos para mejorar la gesti\u00f3n de  la basura en M\u00e9rida\t\t\t<\/a>\n\t\t<\/h3>\n\t\t\t\t<div class=\"elementor-post__meta-data\">\n\t\t\t\t\t<span class=\"elementor-post-date\">\n\t\t\t17 mayo, 2024\t\t<\/span>\n\t\t\t\t<\/div>\n\t\t\t\t<div class=\"elementor-post__excerpt\">\n\t\t\t<p>Ciudadanos presentan propuestas a candidatos para mejorar la gesti\u00f3n de la basura en Merida En conferencia de prensa un grupo de ciudadanos meridanos, acompa\u00f1ados por<\/p>\n\t\t<\/div>\n\t\t\t\t\t<a class=\"elementor-post__read-more\" href=\"https:\/\/orga.cephcis.unam.mx\/?p=3735\" >\n\t\t\t\tLEER M\u00c1S \u00bb\t\t\t<\/a>\n\t\t\t\t<\/div>\n\t\t\t\t<\/article>\n\t\t\t\t<\/div>\n\t\t\t\t<nav class=\"elementor-pagination\" role=\"navigation\" aria-label=\"Pagination\">\n\t\t\t<span aria-current=\"page\" class=\"page-numbers current\"><span class=\"elementor-screen-only\">Page<\/span>1<\/span>\n<a class=\"page-numbers\" href=\"https:\/\/orga.cephcis.unam.mx\/index.php\/?paged=2&#038;rest_route=%2Fwp%2Fv2%2Fpages%2F724\"><span class=\"elementor-screen-only\">Page<\/span>2<\/a>\t\t<\/nav>\n\t\t\t\t<\/div>\n\t\t\t\t<\/div>\n\t\t\t\t\t\t<\/div>\n\t\t\t\t\t<\/div>\n\t\t<\/div>\n\t\t\t\t\t\t\t\t<\/div>\n\t\t\t\t\t<\/div>\n\t\t<\/section>\n\t\t\t\t<section class=\"elementor-section elementor-top-section elementor-element elementor-element-494187de elementor-section-stretched elementor-section-boxed elementor-section-height-default elementor-section-height-default\" data-id=\"494187de\" data-element_type=\"section\" data-settings=\"{&quot;stretch_section&quot;:&quot;section-stretched&quot;,&quot;background_background&quot;:&quot;classic&quot;}\">\n\t\t\t\t\t\t<div class=\"elementor-container elementor-column-gap-no\">\n\t\t\t\t\t\t\t<div class=\"elementor-row\">\n\t\t\t\t\t<div class=\"elementor-column elementor-col-100 elementor-top-column elementor-element elementor-element-7bc2d0dd\" data-id=\"7bc2d0dd\" data-element_type=\"column\">\n\t\t\t<div class=\"elementor-column-wrap\">\n\t\t\t\t\t\t\t<div class=\"elementor-widget-wrap\">\n\t\t\t\t\t\t\t\t<\/div>\n\t\t\t\t\t<\/div>\n\t\t<\/div>\n\t\t\t\t\t\t\t\t<\/div>\n\t\t\t\t\t<\/div>\n\t\t<\/section>\n\t\t\t\t\t\t<\/div>\n\t\t\t\t\t\t<\/div>\n\t\t\t\t\t<\/div>\n\t\t","protected":false},"excerpt":{"rendered":"<p>NOTICIAS El ORGA es tambi\u00e9n un espacio de di\u00e1logo que fomenta la reflexi\u00f3n y el debate p\u00fablico sobre distintos aspectos de la vida democr\u00e1tica en la pen\u00ednsula de Yucat\u00e1n.<\/p>\n","protected":false},"author":1,"featured_media":0,"parent":0,"menu_order":0,"comment_status":"closed","ping_status":"closed","template":"elementor_canvas","meta":[],"_links":{"self":[{"href":"https:\/\/orga.cephcis.unam.mx\/index.php?rest_route=\/wp\/v2\/pages\/724"}],"collection":[{"href":"https:\/\/orga.cephcis.unam.mx\/index.php?rest_route=\/wp\/v2\/pages"}],"about":[{"href":"https:\/\/orga.cephcis.unam.mx\/index.php?rest_route=\/wp\/v2\/types\/page"}],"author":[{"embeddable":true,"href":"https:\/\/orga.cephcis.unam.mx\/index.php?rest_route=\/wp\/v2\/users\/1"}],"replies":[{"embeddable":true,"href":"https:\/\/orga.cephcis.unam.mx\/index.php?rest_route=%2Fwp%2Fv2%2Fcomments&post=724"}],"version-history":[{"count":12,"href":"https:\/\/orga.cephcis.unam.mx\/index.php?rest_route=\/wp\/v2\/pages\/724\/revisions"}],"predecessor-version":[{"id":3168,"href":"https:\/\/orga.cephcis.unam.mx\/index.php?rest_route=\/wp\/v2\/pages\/724\/revisions\/3168"}],"wp:attachment":[{"href":"https:\/\/orga.cephcis.unam.mx\/index.php?rest_route=%2Fwp%2Fv2%2Fmedia&parent=724"}],"curies":[{"name":"wp","href":"https:\/\/api.w.org\/{rel}","templated":true}]}}